{"id":1119,"date":"2017-02-03T13:01:24","date_gmt":"2017-02-03T13:01:24","guid":{"rendered":"https:\/\/prague.foxthemes.me.1.2.0\/?page_id=1119"},"modified":"2025-12-04T17:10:25","modified_gmt":"2025-12-04T17:10:25","slug":"noticias","status":"publish","type":"page","link":"https:\/\/casaydecor.com\/index.php\/noticias\/","title":{"rendered":"Noticias"},"content":{"rendered":"<div class=\"wpb-content-wrapper\"><p>[vc_row][vc_column][vc_banner_title heading_size=\u00bbh2&#8243; subtitle=\u00bbNOTICIAS\u00bb title=\u00bbAqu\u00ed compartimos nuestras ideas.\u00bb animation_text=\u00bbBLOG\u00bb columns=\u00bb%5B%7B%7D%5D\u00bb css=\u00bb.vc_custom_1761145337519{margin-bottom: -100px !important;}\u00bb][\/vc_banner_title][vc_column_text css=\u00bb.vc_custom_1761145272707{padding-bottom: 40px !important;}\u00bb]<\/p>\n<p style=\"text-align: center;\">Mantente actualizado con el pulso del sector inmobiliario y constructivo andaluz. En nuestro blog compartimos conocimiento valioso: tendencias de dise\u00f1o, consejos pr\u00e1cticos para reformas, an\u00e1lisis de mercado y casos de \u00e9xito reales. Cada art\u00edculo nace de nuestra experiencia directa en obra y gesti\u00f3n de propiedades, ofreci\u00e9ndote perspectivas aut\u00e9nticas y aplicables.<\/p>\n<p style=\"text-align: center;\">Publicamos regularmente contenido fresco y relevante, dise\u00f1ado no solo para inspirarte, sino para empoderarte con informaci\u00f3n verificada que te ayude a tomar mejores decisiones sobre tu patrimonio inmobiliario.<\/p>\n<p>[\/vc_column_text][\/vc_column][\/vc_row][vc_row full_width=\u00bbstretch_row_content_no_spaces\u00bb][vc_column][vc_projects_posts button_link_class=\u00bbprague-services-link a-btn-2 simple\u00bb button_span_class=\u00bba-btn-line\u00bb posts_per_page=\u00bb8&#8243;][\/vc_column][\/vc_row]<\/p>\n<\/div>","protected":false},"excerpt":{"rendered":"<p>[vc_row][vc_column][vc_banner_title heading_size=\u00bbh2&#8243; subtitle=\u00bbNOTICIAS\u00bb title=\u00bbAqu\u00ed compartimos nuestras ideas.\u00bb animation_text=\u00bbBLOG\u00bb columns=\u00bb%5B%7B%7D%5D\u00bb css=\u00bb.vc_custom_1761145337519{margin-bottom: -100px !important;}\u00bb][\/vc_banner_title][vc_column_text css=\u00bb.vc_custom_1761145272707{padding-bottom: 40px !important;}\u00bb] Mantente actualizado con el pulso<\/p>\n","protected":false},"author":1,"featured_media":0,"parent":0,"menu_order":0,"comment_status":"closed","ping_status":"closed","template":"","meta":{"footnotes":""},"class_list":["post-1119","page","type-page","status-publish","hentry"],"featured_image_src":"","featured_image_src_square":"","_links":{"self":[{"href":"https:\/\/casaydecor.com\/index.php\/wp-json\/wp\/v2\/pages\/1119","targetHints":{"allow":["GET"]}}],"collection":[{"href":"https:\/\/casaydecor.com\/index.php\/wp-json\/wp\/v2\/pages"}],"about":[{"href":"https:\/\/casaydecor.com\/index.php\/wp-json\/wp\/v2\/types\/page"}],"author":[{"embeddable":true,"href":"https:\/\/casaydecor.com\/index.php\/wp-json\/wp\/v2\/users\/1"}],"replies":[{"embeddable":true,"href":"https:\/\/casaydecor.com\/index.php\/wp-json\/wp\/v2\/comments?post=1119"}],"version-history":[{"count":10,"href":"https:\/\/casaydecor.com\/index.php\/wp-json\/wp\/v2\/pages\/1119\/revisions"}],"predecessor-version":[{"id":4340,"href":"https:\/\/casaydecor.com\/index.php\/wp-json\/wp\/v2\/pages\/1119\/revisions\/4340"}],"wp:attachment":[{"href":"https:\/\/casaydecor.com\/index.php\/wp-json\/wp\/v2\/media?parent=1119"}],"curies":[{"name":"wp","href":"https:\/\/api.w.org\/{rel}","templated":true}]}}