{"id":118,"date":"2017-01-03T16:40:21","date_gmt":"2017-01-03T16:40:21","guid":{"rendered":"https:\/\/prague.foxthemes.me.1.2.0\/?page_id=118"},"modified":"2025-12-10T15:17:12","modified_gmt":"2025-12-10T15:17:12","slug":"contactanos","status":"publish","type":"page","link":"https:\/\/casaydecor.com\/index.php\/contactanos\/","title":{"rendered":"Cont\u00e1ctanos"},"content":{"rendered":"<div class=\"wpb-content-wrapper\"><p>[vc_row desctop_mt=\u00bbmargin-lg-75t\u00bb tablets_mt=\u00bbmargin-sm-50t\u00bb][vc_column offset=\u00bbvc_col-lg-offset-0 vc_col-lg-6 vc_col-md-offset-0 vc_col-md-6 vc_col-sm-offset-0 vc_col-xs-12&#8243;][vc_headings title=\u00bbEmpecemos un nuevo proyecto\u00bb subtitle=\u00bbCONTACTO\u00bb]Ahora que ya nos conoce, lo invitamos a contactarnos y dar el primer paso hacia una relaci\u00f3n comercial s\u00f3lida y exitosa. Nuestro equipo est\u00e1 compuesto por profesionales comprometidos, listos para ofrecerle asesoramiento personalizado y acompa\u00f1arle en cada etapa de sus proyectos inmobiliarios.[\/vc_headings][vc_row_inner css=\u00bb.vc_custom_1484117815051{margin-top: 30px !important;}\u00bb][vc_column_inner width=\u00bb1\/2&#8243;][vc_address image=\u00bb2510&#8243; title=\u00bbCONTACTO\u00bb separator=\u00bbtrue\u00bb]Plaza del Duque de la Victoria 12, Sevilla.<br \/>\n628 405 512[\/vc_address][\/vc_column_inner][vc_column_inner width=\u00bb1\/2&#8243;][vc_address separator=\u00bbtrue\u00bb css=\u00bb.vc_custom_1764321812497{padding-top: 45px !important;}\u00bb]<a href=\"mailto:hola@casaydecor.com\" target=\"_blank\" rel=\"noopener\">hola@casaydecor.com<\/a><\/p>\n<p>Horario: 9:00 &#8211; 17:00[\/vc_address][\/vc_column_inner][\/vc_row_inner][\/vc_column][vc_column desctop_mt=\u00bbmargin-lg-170t\u00bb tablets_mt=\u00bbmargin-sm-30t\u00bb offset=\u00bbvc_col-md-6 vc_col-xs-12&#8243; css=\u00bb.vc_custom_1489346554831{padding-top: 10px !important;}\u00bb]\n<div class=\"wpcf7 no-js\" id=\"wpcf7-f3346-o1\" lang=\"es-ES\" dir=\"ltr\" data-wpcf7-id=\"3346\">\n<div class=\"screen-reader-response\"><p role=\"status\" aria-live=\"polite\" aria-atomic=\"true\"><\/p> <ul><\/ul><\/div>\n<form action=\"\/index.php\/wp-json\/wp\/v2\/pages\/118#wpcf7-f3346-o1\" method=\"post\" class=\"wpcf7-form init\" aria-label=\"Formulario de contacto\" novalidate=\"novalidate\" data-status=\"init\">\n<fieldset class=\"hidden-fields-container\"><input type=\"hidden\" name=\"_wpcf7\" value=\"3346\" \/><input type=\"hidden\" name=\"_wpcf7_version\" value=\"6.1.5\" \/><input type=\"hidden\" name=\"_wpcf7_locale\" value=\"es_ES\" \/><input type=\"hidden\" name=\"_wpcf7_unit_tag\" value=\"wpcf7-f3346-o1\" \/><input type=\"hidden\" name=\"_wpcf7_container_post\" value=\"0\" \/><input type=\"hidden\" name=\"_wpcf7_posted_data_hash\" value=\"\" \/>\n<\/fieldset>\n<div class=\"formulario-contacto\">\n\t<div class=\"columna-izquierda\">\n\t\t<p><label> Nombre *<br \/>\n<span class=\"wpcf7-form-control-wrap\" data-name=\"your-name\"><input size=\"40\" maxlength=\"400\" class=\"wpcf7-form-control wpcf7-text wpcf7-validates-as-required\" autocomplete=\"name\" aria-required=\"true\" aria-invalid=\"false\" value=\"\" type=\"text\" name=\"your-name\" \/><\/span><br \/>\n<\/label>\n\t\t<\/p>\n\t\t<p><label> Correo electr\u00f3nico *<br \/>\n<span class=\"wpcf7-form-control-wrap\" data-name=\"your-email\"><input size=\"40\" maxlength=\"400\" class=\"wpcf7-form-control wpcf7-email wpcf7-validates-as-required wpcf7-text wpcf7-validates-as-email\" autocomplete=\"email\" aria-required=\"true\" aria-invalid=\"false\" placeholder=\"\" value=\"\" type=\"email\" name=\"your-email\" \/><\/span><br \/>\n<\/label>\n\t\t<\/p>\n\t\t<p><label> Tel\u00e9fono<br \/>\n<span class=\"wpcf7-form-control-wrap\" data-name=\"your-phone\"><input size=\"40\" maxlength=\"400\" class=\"wpcf7-form-control wpcf7-tel wpcf7-text wpcf7-validates-as-tel\" autocomplete=\"tel\" aria-invalid=\"false\" placeholder=\"\" value=\"\" type=\"tel\" name=\"your-phone\" \/><\/span><br \/>\n<\/label>\n\t\t<\/p>\n\t<\/div>\n\t<div class=\"columna-derecha\">\n\t\t<p><label> Consulta *<br \/>\n<span class=\"wpcf7-form-control-wrap\" data-name=\"your-topic\"><select class=\"wpcf7-form-control wpcf7-select wpcf7-validates-as-required\" aria-required=\"true\" aria-invalid=\"false\" name=\"your-topic\"><option value=\"Presupuesto para Reforma\">Presupuesto para Reforma<\/option><option value=\"Consulta Inmobiliaria\">Consulta Inmobiliaria<\/option><option value=\"Informaci\u00f3n sobre Decoraci\u00f3n\">Informaci\u00f3n sobre Decoraci\u00f3n<\/option><option value=\"Otros\">Otros<\/option><\/select><\/span><br \/>\n<\/label>\n\t\t<\/p>\n\t\t<p><label> Mensaje *<br \/>\n<span class=\"wpcf7-form-control-wrap\" data-name=\"your-message\"><textarea cols=\"40\" rows=\"10\" maxlength=\"2000\" class=\"wpcf7-form-control wpcf7-textarea wpcf7-validates-as-required\" aria-required=\"true\" aria-invalid=\"false\" placeholder=\"Escribe aqu\u00ed tu mensaje\" name=\"your-message\"><\/textarea><\/span><br \/>\n<\/label>\n\t\t<\/p>\n\t<\/div>\n<\/div>\n\n<!-- Aviso legal dentro de caja gris -->\n<div class=\"aviso-legal\">\n\t<p><br \/>\nResponsable: casaydecor S.L.\n\t<\/p>\n\t<p>Fines del tratamiento: Tramitar y dar respuesta a las consultas realizadas por el USUARIO.\n\t<\/p>\n\t<p>Env\u00edo de comunicaciones de productos o servicios.\n\t<\/p>\n\t<p>Derechos que le asisten: acceso, rectificaci\u00f3n, portabilidad, supresi\u00f3n, limitaci\u00f3n y oposici\u00f3n.\n\t<\/p>\n\t<p>M\u00e1s informaci\u00f3n del tratamiento: <a href=\"https:\/\/casaydecor.com\/index.php\/politica-de-privacidad\/\" target=\"_blank\">Pol\u00edtica de privacidad<\/a>\n\t<\/p>\n<\/div>\n\n<!-- Casillas de aceptaci\u00f3n fuera de la caja gris -->\n<div class=\"aceptaciones\">\n\t<p><br \/>\n<span class=\"wpcf7-form-control-wrap\" data-name=\"politica-privacidad\"><span class=\"wpcf7-form-control wpcf7-acceptance\"><span class=\"wpcf7-list-item\"><input type=\"checkbox\" name=\"politica-privacidad\" value=\"1\" aria-invalid=\"false\" \/><\/span><\/span><\/span> Acepto y confirmo que he le\u00eddo la <a href=\"https:\/\/casaydecor.com\/index.php\/politica-de-privacidad\/\" target=\"_blank\">Pol\u00edtica de privacidad<\/a> y el aviso legal.\n\t<\/p>\n\t<p><br \/>\n<span class=\"wpcf7-form-control-wrap\" data-name=\"comunicaciones\"><span class=\"wpcf7-form-control wpcf7-acceptance\"><span class=\"wpcf7-list-item\"><input type=\"checkbox\" name=\"comunicaciones\" value=\"1\" aria-invalid=\"false\" \/><\/span><\/span><\/span> Acepto el tratamiento de mis datos para el env\u00edo de comunicaciones comerciales.\n\t<\/p>\n<\/div>\n<div class=\"boton-enviar\">\n\t<p><input class=\"wpcf7-form-control wpcf7-submit has-spinner\" type=\"submit\" value=\"Enviar mensaje\" \/>\n\t<\/p>\n<\/div><div class=\"wpcf7-response-output\" aria-hidden=\"true\"><\/div>\n<\/form>\n<\/div>\n[\/vc_column][\/vc_row][vc_row desctop_mt=\u00bbmargin-lg-60t\u00bb tablets_mt=\u00bbmargin-sm-20t\u00bb][vc_column][vc_headings title=\u00bbCon\u00f3cenos en tu ciudad\u00bb subtitle=\u00bbLOCALIZACIONES\u00bb][\/vc_headings][\/vc_column][\/vc_row][vc_row equal_height=\u00bbyes\u00bb desctop_mt=\u00bbmargin-lg-35t\u00bb desctop_mb=\u00bbmargin-lg-140b\u00bb tablets_mt=\u00bbmargin-sm-20t\u00bb tablets_mb=\u00bbmargin-sm-70b\u00bb][vc_column width=\u00bb1\/4&#8243;][vc_address image=\u00bb666&#8243; title=\u00bbSEVILLA\u00bb separator=\u00bbtrue\u00bb]Plaza del Duque de la Victoria 12, Sevilla.<br \/>\n628 405 512<\/p>\n<p>Espa\u00f1a[\/vc_address][\/vc_column][\/vc_row][vc_row][vc_column][vc_goo_maps location=\u00bbPlaza del Duque de la Victoria 12, Sevilla\u00bb zoom=\u00bb11&#8243; css=\u00bb.vc_custom_1763468490622{padding-bottom: 40px !important;}\u00bb][\/vc_column][\/vc_row]<\/p>\n<\/div>","protected":false},"excerpt":{"rendered":"<p>[vc_row desctop_mt=\u00bbmargin-lg-75t\u00bb tablets_mt=\u00bbmargin-sm-50t\u00bb][vc_column offset=\u00bbvc_col-lg-offset-0 vc_col-lg-6 vc_col-md-offset-0 vc_col-md-6 vc_col-sm-offset-0 vc_col-xs-12&#8243;][vc_headings title=\u00bbEmpecemos un nuevo proyecto\u00bb subtitle=\u00bbCONTACTO\u00bb]Ahora que ya nos conoce, lo invitamos<\/p>\n","protected":false},"author":1,"featured_media":0,"parent":0,"menu_order":0,"comment_status":"closed","ping_status":"closed","template":"","meta":{"footnotes":""},"class_list":["post-118","page","type-page","status-publish","hentry"],"featured_image_src":"","featured_image_src_square":"","_links":{"self":[{"href":"https:\/\/casaydecor.com\/index.php\/wp-json\/wp\/v2\/pages\/118","targetHints":{"allow":["GET"]}}],"collection":[{"href":"https:\/\/casaydecor.com\/index.php\/wp-json\/wp\/v2\/pages"}],"about":[{"href":"https:\/\/casaydecor.com\/index.php\/wp-json\/wp\/v2\/types\/page"}],"author":[{"embeddable":true,"href":"https:\/\/casaydecor.com\/index.php\/wp-json\/wp\/v2\/users\/1"}],"replies":[{"embeddable":true,"href":"https:\/\/casaydecor.com\/index.php\/wp-json\/wp\/v2\/comments?post=118"}],"version-history":[{"count":30,"href":"https:\/\/casaydecor.com\/index.php\/wp-json\/wp\/v2\/pages\/118\/revisions"}],"predecessor-version":[{"id":4347,"href":"https:\/\/casaydecor.com\/index.php\/wp-json\/wp\/v2\/pages\/118\/revisions\/4347"}],"wp:attachment":[{"href":"https:\/\/casaydecor.com\/index.php\/wp-json\/wp\/v2\/media?parent=118"}],"curies":[{"name":"wp","href":"https:\/\/api.w.org\/{rel}","templated":true}]}}