{"id":1876,"date":"2017-03-29T16:37:41","date_gmt":"2017-03-29T16:37:41","guid":{"rendered":"https:\/\/prague.foxthemes.me.1.2.0\/?page_id=1876"},"modified":"2025-11-28T09:32:26","modified_gmt":"2025-11-28T09:32:26","slug":"gestion-inmobiliaria","status":"publish","type":"page","link":"https:\/\/casaydecor.com\/index.php\/gestion-inmobiliaria\/","title":{"rendered":"Gesti\u00f3n Inmobiliaria"},"content":{"rendered":"<div class=\"wpb-content-wrapper\"><p>[vc_row full_width=\u00bbstretch_row_content_no_spaces\u00bb][vc_column][vc_banner_title style=\u00bbbig\u00bb color_style=\u00bblight\u00bb subtitle=\u00bbNuestro departamento inmobiliario trasciende la simple intermediaci\u00f3n; ejercemos como asesores estrat\u00e9gicos en uno de los momentos m\u00e1s importantes de tu vida. Comprendemos que cada transacci\u00f3n inmobiliaria conlleva importantes decisiones econ\u00f3micas y emocionales, por lo que proporcionamos acompa\u00f1amiento experto desde la valoraci\u00f3n inicial hasta la entrega de llaves.\u00bb title=\u00bbGESTI\u00d3N INMOBILIARIA\u00bb img=\u00bb3202&#8243; enable_overlay=\u00bbtrue\u00bb enable_fullheight=\u00bbtrue\u00bb columns=\u00bb%5B%7B%7D%5D\u00bb][\/vc_banner_title][\/vc_column][\/vc_row][vc_row desctop_mt=\u00bbmargin-lg-70t\u00bb][vc_column width=\u00bb5\/6&#8243; desctop_mt=\u00bbmargin-lg-65t\u00bb tablets_mt=\u00bbmargin-sm-0t\u00bb offset=\u00bbvc_col-lg-6 vc_col-md-offset-0 vc_col-md-6 vc_col-sm-offset-1 vc_col-xs-12&#8243;][vc_counters image_background=\u00bb217&#8243; border_size=\u00bb10px\u00bb numbers=\u00bb%5B%7B%22number%22%3A%2218%22%2C%22title%22%3A%22M%C3%A1laga%22%7D%2C%7B%22number%22%3A%2213%22%2C%22title%22%3A%22C%C3%A1diz%22%7D%2C%7B%22number%22%3A%228%22%2C%22title%22%3A%22Huelva%22%7D%2C%7B%22number%22%3A%2215%22%2C%22title%22%3A%22Sevilla%22%7D%5D\u00bb][\/vc_column][vc_column tablets_mt=\u00bbmargin-sm-20t\u00bb offset=\u00bbvc_col-lg-offset-1 vc_col-lg-5 vc_col-md-offset-0 vc_col-md-6 vc_col-xs-12&#8243;][vc_headings title=\u00bbViviendas y terrenos\u00bb]Nuestra ventaja competitiva reside en el conocimiento profundo de los mercados locales de M\u00e1laga, C\u00e1diz, Huelva y Sevilla. Analizamos tendencias de precios, din\u00e1micas de barrio y oportunidades de inversi\u00f3n para posicionar tu propiedad optimalmente o identificar la mejor opci\u00f3n de compra.<\/p>\n<p>Gestionamos todo el proceso administrativo y legal, facilitando tr\u00e1mites notariales, registrales y financieros, mientras mantenemos una comunicaci\u00f3n transparente que te permite tomar decisiones informadas con total confianza.[\/vc_headings][\/vc_column][\/vc_row][vc_row][vc_column][vc_column_text css=\u00bb\u00bb]<\/p>\n<h3>Servicios inmobiliarios:<\/h3>\n<ul class=\"servicios-lista\">\n<li>Valoraci\u00f3n gratuita de propiedades<\/li>\n<li>Venta y compra de viviendas<\/li>\n<li>Gesti\u00f3n de terrenos y solares<\/li>\n<li>Asesoramiento fiscal y legal<\/li>\n<li>B\u00fasqueda personalizada de propiedades<\/li>\n<\/ul>\n<p>[\/vc_column_text][\/vc_column][\/vc_row][vc_row desctop_mt=\u00bbmargin-lg-55t\u00bb tablets_mt=\u00bbmargin-sm-20t\u00bb][vc_column][vc_headings title=\u00bbHechas con pasi\u00f3n.\u00bb subtitle=\u00bbNUESTRAS VIVIENDAS\u00bb][\/vc_headings][\/vc_column][\/vc_row][vc_row desctop_mt=\u00bbmargin-lg-35t\u00bb tablets_mt=\u00bbmargin-sm-20t\u00bb][vc_column][vc_projects_posts templates=\u00bbmasonry\u00bb post_type=\u00bbprojects\u00bb total_columns=\u00bbprague_count_col4&#8243; gap_columns=\u00bbprague_gap_col15&#8243; image_original_size=\u00bbmedium_large\u00bb orderby=\u00bbdate\u00bb button_link_class=\u00bbprague-services-link a-btn-2 simple\u00bb button_span_class=\u00bba-btn-line\u00bb posts_per_page=\u00bb14&#8243;][\/vc_column][\/vc_row][vc_row full_width=\u00bbstretch_row_content_no_spaces\u00bb desctop_mt=\u00bbmargin-lg-105t\u00bb tablets_mt=\u00bbmargin-sm-50t\u00bb][vc_column][vc_wrapper title=\u00bbHAREMOS TU PROYECTO REALIDAD\u00bb subtitle=\u00bbCu\u00e9ntanos que tipo de terreno tienes\u00bb image=\u00bb1144&#8243; color_style=\u00bblight\u00bb][vc_row_inner][vc_column_inner width=\u00bb1\/2&#8243; offset=\u00bbvc_col-md-3&#8243;][vc_clients clients_style=\u00bb`{`object Object`}`\u00bb][\/vc_column_inner][vc_column_inner width=\u00bb1\/2&#8243; offset=\u00bbvc_col-md-3&#8243;][vc_clients clients_style=\u00bb`{`object Object`}`\u00bb][\/vc_column_inner][vc_column_inner width=\u00bb1\/2&#8243; offset=\u00bbvc_col-md-3&#8243;][vc_clients clients_style=\u00bb`{`object Object`}`\u00bb][\/vc_column_inner][vc_column_inner width=\u00bb1\/2&#8243; offset=\u00bbvc_col-md-3&#8243;][vc_clients clients_style=\u00bb`{`object Object`}`\u00bb][\/vc_column_inner][\/vc_row_inner][\/vc_wrapper][\/vc_column][\/vc_row][vc_row desctop_mt=\u00bbmargin-lg-0t\u00bb tablets_mt=\u00bbmargin-sm-20t\u00bb][vc_column][vc_headings heading_size=\u00bbh3&#8243; subtitle=\u00bbCONTACTA CON NOSOTROS.\u00bb][\/vc_headings][\/vc_column][\/vc_row][vc_row full_width=\u00bbstretch_row_content_no_spaces\u00bb desctop_mt=\u00bbmargin-lg-105t\u00bb tablets_mt=\u00bbmargin-sm-50t\u00bb css=\u00bb.vc_custom_1763565311533{margin-top: 20px !important;padding-right: 115px !important;padding-left: 115px !important;}\u00bb][vc_column]\n<div class=\"wpcf7 no-js\" id=\"wpcf7-f3335-o1\" lang=\"es-ES\" dir=\"ltr\" data-wpcf7-id=\"3335\">\n<div class=\"screen-reader-response\"><p role=\"status\" aria-live=\"polite\" aria-atomic=\"true\"><\/p> <ul><\/ul><\/div>\n<form action=\"\/index.php\/wp-json\/wp\/v2\/pages\/1876#wpcf7-f3335-o1\" method=\"post\" class=\"wpcf7-form init\" aria-label=\"Formulario de contacto\" novalidate=\"novalidate\" data-status=\"init\">\n<fieldset class=\"hidden-fields-container\"><input type=\"hidden\" name=\"_wpcf7\" value=\"3335\" \/><input type=\"hidden\" name=\"_wpcf7_version\" value=\"6.1.5\" \/><input type=\"hidden\" name=\"_wpcf7_locale\" value=\"es_ES\" \/><input type=\"hidden\" name=\"_wpcf7_unit_tag\" value=\"wpcf7-f3335-o1\" \/><input type=\"hidden\" name=\"_wpcf7_container_post\" value=\"0\" \/><input type=\"hidden\" name=\"_wpcf7_posted_data_hash\" value=\"\" \/>\n<\/fieldset>\n<div class=\"formulario-terreno\">\n\t<div class=\"columna-izquierda\">\n\t\t<p><label> Tu nombre<br \/>\n<span class=\"wpcf7-form-control-wrap\" data-name=\"your-name\"><input size=\"40\" maxlength=\"400\" class=\"wpcf7-form-control wpcf7-text wpcf7-validates-as-required\" autocomplete=\"name\" aria-required=\"true\" aria-invalid=\"false\" value=\"\" type=\"text\" name=\"your-name\" \/><\/span><br \/>\n<\/label>\n\t\t<\/p>\n\t\t<p><label> Tu correo electr\u00f3nico<br \/>\n<span class=\"wpcf7-form-control-wrap\" data-name=\"your-email\"><input size=\"40\" maxlength=\"400\" class=\"wpcf7-form-control wpcf7-email wpcf7-validates-as-required wpcf7-text wpcf7-validates-as-email\" autocomplete=\"email\" aria-required=\"true\" aria-invalid=\"false\" value=\"\" type=\"email\" name=\"your-email\" \/><\/span><br \/>\n<\/label>\n\t\t<\/p>\n\t\t<p><label> Tel\u00e9fono<br \/>\n<span class=\"wpcf7-form-control-wrap\" data-name=\"your-phone\"><input size=\"40\" maxlength=\"400\" class=\"wpcf7-form-control wpcf7-tel wpcf7-validates-as-required wpcf7-text wpcf7-validates-as-tel\" autocomplete=\"tel\" aria-required=\"true\" aria-invalid=\"false\" value=\"\" type=\"tel\" name=\"your-phone\" \/><\/span><br \/>\n<\/label>\n\t\t<\/p>\n\t\t<p><label> Tipo de terreno<br \/>\n<span class=\"wpcf7-form-control-wrap\" data-name=\"your-terreno\"><select class=\"wpcf7-form-control wpcf7-select wpcf7-validates-as-required\" aria-required=\"true\" aria-invalid=\"false\" name=\"your-terreno\"><option value=\"\u2014 Seg\u00fan uso y clasificaci\u00f3n urban\u00edstica \u2014\">\u2014 Seg\u00fan uso y clasificaci\u00f3n urban\u00edstica \u2014<\/option><option value=\"Terreno urbano\">Terreno urbano<\/option><option value=\"Terreno urbanizable\">Terreno urbanizable<\/option><option value=\"Terreno no urbanizable (r\u00fastico)\">Terreno no urbanizable (r\u00fastico)<\/option><option value=\"\u2014 Seg\u00fan potencial de construcci\u00f3n y caracter\u00edsticas \u2014\">\u2014 Seg\u00fan potencial de construcci\u00f3n y caracter\u00edsticas \u2014<\/option><option value=\"Solar\">Solar<\/option><option value=\"Terreno r\u00fastico\">Terreno r\u00fastico<\/option><option value=\"Terreno industrial\">Terreno industrial<\/option><option value=\"Terreno comercial\">Terreno comercial<\/option><option value=\"\u2014 Seg\u00fan topograf\u00eda \u2014\">\u2014 Seg\u00fan topograf\u00eda \u2014<\/option><option value=\"Terreno plano\">Terreno plano<\/option><option value=\"Terreno con pendiente o irregular\">Terreno con pendiente o irregular<\/option><\/select><\/span><br \/>\n<\/label>\n\t\t<\/p>\n\t<\/div>\n\t<div class=\"columna-derecha\">\n\t\t<p><label> Tu consulta<br \/>\n<span class=\"wpcf7-form-control-wrap\" data-name=\"your-message\"><textarea cols=\"40\" rows=\"10\" maxlength=\"2000\" class=\"wpcf7-form-control wpcf7-textarea\" aria-invalid=\"false\" placeholder=\"Escribe aqu\u00ed tu mensaje\" name=\"your-message\"><\/textarea><\/span><br \/>\n<\/label>\n\t\t<\/p>\n\t<\/div>\n<\/div>\n\n\n<!-- Aviso legal dentro de caja gris -->\n<div class=\"aviso-legal\">\n\t<p><br \/>\nResponsable:casaydecor S.L.\n\t<\/p>\n\t<p>Fines del tratamiento: Tramitar y dar respuesta a las consultas realizadas por el USUARIO.\n\t<\/p>\n\t<p>Env\u00edo de comunicaciones de productos o servicios.\n\t<\/p>\n\t<p>Derechos que le asisten: acceso, rectificaci\u00f3n, portabilidad, supresi\u00f3n, limitaci\u00f3n y oposici\u00f3n.\n\t<\/p>\n\t<p>M\u00e1s informaci\u00f3n del tratamiento: <a href=\"https:\/\/casaydecor.com\/index.php\/politica-de-privacidad\/\" target=\"_blank\">Pol\u00edtica de privacidad<\/a>\n\t<\/p>\n<\/div>\n\n<!-- Casillas de aceptaci\u00f3n fuera de la caja gris -->\n<div class=\"aceptaciones\">\n\t<p><br \/>\n<span class=\"wpcf7-form-control-wrap\" data-name=\"politica-privacidad\"><span class=\"wpcf7-form-control wpcf7-acceptance\"><span class=\"wpcf7-list-item\"><input type=\"checkbox\" name=\"politica-privacidad\" value=\"1\" aria-invalid=\"false\" \/><\/span><\/span><\/span> Acepto y confirmo que he le\u00eddo la <a href=\"https:\/\/casaydecor.com\/index.php\/politica-de-privacidad\/\" target=\"_blank\">Pol\u00edtica de privacidad<\/a> y el aviso legal.\n\t<\/p>\n\t<p><br \/>\n<span class=\"wpcf7-form-control-wrap\" data-name=\"comunicaciones\"><span class=\"wpcf7-form-control wpcf7-acceptance\"><span class=\"wpcf7-list-item\"><input type=\"checkbox\" name=\"comunicaciones\" value=\"1\" aria-invalid=\"false\" \/><\/span><\/span><\/span> Acepto el tratamiento de mis datos para el env\u00edo de comunicaciones comerciales.\n\t<\/p>\n<\/div>\n<div class=\"boton-enviar\">\n\t<p><input class=\"wpcf7-form-control wpcf7-submit has-spinner\" type=\"submit\" value=\"Enviar\" \/>\n\t<\/p>\n<\/div><div class=\"wpcf7-response-output\" aria-hidden=\"true\"><\/div>\n<\/form>\n<\/div>\n[\/vc_column][\/vc_row]<\/p>\n<\/div>","protected":false},"excerpt":{"rendered":"<p>[vc_row full_width=\u00bbstretch_row_content_no_spaces\u00bb][vc_column][vc_banner_title style=\u00bbbig\u00bb color_style=\u00bblight\u00bb subtitle=\u00bbNuestro departamento inmobiliario trasciende la simple intermediaci\u00f3n; ejercemos como asesores estrat\u00e9gicos en uno de los momentos<\/p>\n","protected":false},"author":1,"featured_media":0,"parent":0,"menu_order":0,"comment_status":"closed","ping_status":"closed","template":"","meta":{"footnotes":""},"class_list":["post-1876","page","type-page","status-publish","hentry"],"featured_image_src":"","featured_image_src_square":"","_links":{"self":[{"href":"https:\/\/casaydecor.com\/index.php\/wp-json\/wp\/v2\/pages\/1876","targetHints":{"allow":["GET"]}}],"collection":[{"href":"https:\/\/casaydecor.com\/index.php\/wp-json\/wp\/v2\/pages"}],"about":[{"href":"https:\/\/casaydecor.com\/index.php\/wp-json\/wp\/v2\/types\/page"}],"author":[{"embeddable":true,"href":"https:\/\/casaydecor.com\/index.php\/wp-json\/wp\/v2\/users\/1"}],"replies":[{"embeddable":true,"href":"https:\/\/casaydecor.com\/index.php\/wp-json\/wp\/v2\/comments?post=1876"}],"version-history":[{"count":35,"href":"https:\/\/casaydecor.com\/index.php\/wp-json\/wp\/v2\/pages\/1876\/revisions"}],"predecessor-version":[{"id":4325,"href":"https:\/\/casaydecor.com\/index.php\/wp-json\/wp\/v2\/pages\/1876\/revisions\/4325"}],"wp:attachment":[{"href":"https:\/\/casaydecor.com\/index.php\/wp-json\/wp\/v2\/media?parent=1876"}],"curies":[{"name":"wp","href":"https:\/\/api.w.org\/{rel}","templated":true}]}}